{"id":415,"date":"2026-01-14T23:11:19","date_gmt":"2026-01-14T22:11:19","guid":{"rendered":"https:\/\/stps.pl\/?page_id=415"},"modified":"2026-01-15T02:06:03","modified_gmt":"2026-01-15T01:06:03","slug":"stps-kreatywna-pracownia-reklamy-strona-w-budowie","status":"publish","type":"page","link":"https:\/\/stps.pl\/","title":{"rendered":"STPS Kreatywna Pracownia Reklamy &#8211; Strona w budowie"},"content":{"rendered":"","protected":false},"excerpt":{"rendered":"","protected":false},"author":2,"featured_media":0,"parent":0,"menu_order":0,"comment_status":"open","ping_status":"closed","template":"","meta":{"footnotes":""},"class_list":["post-415","page","type-page","status-publish","hentry"],"yoast_head":"<!-- This site is optimized with the Yoast SEO plugin v26.7 - https:\/\/yoast.com\/wordpress\/plugins\/seo\/ -->\n<title>STPS Kreatywna Pracownia Reklamy - Strona w budowie<\/title>\n<meta name=\"description\" content=\"Projektujemy marki, strony internetowe i materia\u0142y reklamowe, kt\u00f3re nie tylko dobrze wygl\u0105daj\u0105, ale przede wszystkim dzia\u0142aj\u0105.\" \/>\n<meta name=\"robots\" content=\"index, follow, max-snippet:-1, max-image-preview:large, max-video-preview:-1\" \/>\n<link rel=\"canonical\" href=\"https:\/\/stps.pl\/\" \/>\n<meta property=\"og:locale\" content=\"pl_PL\" \/>\n<meta property=\"og:type\" content=\"article\" \/>\n<meta property=\"og:title\" content=\"STPS Kreatywna Pracownia Reklamy - Strona w budowie\" \/>\n<meta property=\"og:description\" content=\"Projektujemy marki, strony internetowe i materia\u0142y reklamowe, kt\u00f3re nie tylko dobrze wygl\u0105daj\u0105, ale przede wszystkim dzia\u0142aj\u0105.\" \/>\n<meta property=\"og:url\" content=\"https:\/\/stps.pl\/\" \/>\n<meta property=\"og:site_name\" content=\"STPS\" \/>\n<meta property=\"article:modified_time\" content=\"2026-01-15T01:06:03+00:00\" \/>\n<meta name=\"twitter:card\" content=\"summary_large_image\" \/>\n<script type=\"application\/ld+json\" class=\"yoast-schema-graph\">{\"@context\":\"https:\/\/schema.org\",\"@graph\":[{\"@type\":\"WebPage\",\"@id\":\"https:\/\/stps.pl\/\",\"url\":\"https:\/\/stps.pl\/\",\"name\":\"STPS Kreatywna Pracownia Reklamy - Strona w budowie\",\"isPartOf\":{\"@id\":\"https:\/\/stps.pl\/#website\"},\"datePublished\":\"2026-01-14T22:11:19+00:00\",\"dateModified\":\"2026-01-15T01:06:03+00:00\",\"description\":\"Projektujemy marki, strony internetowe i materia\u0142y reklamowe, kt\u00f3re nie tylko dobrze wygl\u0105daj\u0105, ale przede wszystkim dzia\u0142aj\u0105.\",\"breadcrumb\":{\"@id\":\"https:\/\/stps.pl\/#breadcrumb\"},\"inLanguage\":\"pl-PL\",\"potentialAction\":[{\"@type\":\"ReadAction\",\"target\":[\"https:\/\/stps.pl\/\"]}]},{\"@type\":\"BreadcrumbList\",\"@id\":\"https:\/\/stps.pl\/#breadcrumb\",\"itemListElement\":[{\"@type\":\"ListItem\",\"position\":1,\"name\":\"Strona g\u0142\u00f3wna\",\"item\":\"https:\/\/stps.pl\/\"},{\"@type\":\"ListItem\",\"position\":2,\"name\":\"STPS Kreatywna Pracownia Reklamy &#8211; Strona w budowie\"}]},{\"@type\":\"WebSite\",\"@id\":\"https:\/\/stps.pl\/#website\",\"url\":\"https:\/\/stps.pl\/\",\"name\":\"STPS\",\"description\":\"Kreatywna Pracownia Reklamy Kielce\",\"alternateName\":\"STPS\",\"potentialAction\":[{\"@type\":\"SearchAction\",\"target\":{\"@type\":\"EntryPoint\",\"urlTemplate\":\"https:\/\/stps.pl\/?s={search_term_string}\"},\"query-input\":{\"@type\":\"PropertyValueSpecification\",\"valueRequired\":true,\"valueName\":\"search_term_string\"}}],\"inLanguage\":\"pl-PL\"}]}<\/script>\n<!-- \/ Yoast SEO plugin. -->","yoast_head_json":{"title":"STPS Kreatywna Pracownia Reklamy - Strona w budowie","description":"Projektujemy marki, strony internetowe i materia\u0142y reklamowe, kt\u00f3re nie tylko dobrze wygl\u0105daj\u0105, ale przede wszystkim dzia\u0142aj\u0105.","robots":{"index":"index","follow":"follow","max-snippet":"max-snippet:-1","max-image-preview":"max-image-preview:large","max-video-preview":"max-video-preview:-1"},"canonical":"https:\/\/stps.pl\/","og_locale":"pl_PL","og_type":"article","og_title":"STPS Kreatywna Pracownia Reklamy - Strona w budowie","og_description":"Projektujemy marki, strony internetowe i materia\u0142y reklamowe, kt\u00f3re nie tylko dobrze wygl\u0105daj\u0105, ale przede wszystkim dzia\u0142aj\u0105.","og_url":"https:\/\/stps.pl\/","og_site_name":"STPS","article_modified_time":"2026-01-15T01:06:03+00:00","twitter_card":"summary_large_image","schema":{"@context":"https:\/\/schema.org","@graph":[{"@type":"WebPage","@id":"https:\/\/stps.pl\/","url":"https:\/\/stps.pl\/","name":"STPS Kreatywna Pracownia Reklamy - Strona w budowie","isPartOf":{"@id":"https:\/\/stps.pl\/#website"},"datePublished":"2026-01-14T22:11:19+00:00","dateModified":"2026-01-15T01:06:03+00:00","description":"Projektujemy marki, strony internetowe i materia\u0142y reklamowe, kt\u00f3re nie tylko dobrze wygl\u0105daj\u0105, ale przede wszystkim dzia\u0142aj\u0105.","breadcrumb":{"@id":"https:\/\/stps.pl\/#breadcrumb"},"inLanguage":"pl-PL","potentialAction":[{"@type":"ReadAction","target":["https:\/\/stps.pl\/"]}]},{"@type":"BreadcrumbList","@id":"https:\/\/stps.pl\/#breadcrumb","itemListElement":[{"@type":"ListItem","position":1,"name":"Strona g\u0142\u00f3wna","item":"https:\/\/stps.pl\/"},{"@type":"ListItem","position":2,"name":"STPS Kreatywna Pracownia Reklamy &#8211; Strona w budowie"}]},{"@type":"WebSite","@id":"https:\/\/stps.pl\/#website","url":"https:\/\/stps.pl\/","name":"STPS","description":"Kreatywna Pracownia Reklamy Kielce","alternateName":"STPS","potentialAction":[{"@type":"SearchAction","target":{"@type":"EntryPoint","urlTemplate":"https:\/\/stps.pl\/?s={search_term_string}"},"query-input":{"@type":"PropertyValueSpecification","valueRequired":true,"valueName":"search_term_string"}}],"inLanguage":"pl-PL"}]}},"_links":{"self":[{"href":"https:\/\/stps.pl\/index.php\/wp-json\/wp\/v2\/pages\/415","targetHints":{"allow":["GET"]}}],"collection":[{"href":"https:\/\/stps.pl\/index.php\/wp-json\/wp\/v2\/pages"}],"about":[{"href":"https:\/\/stps.pl\/index.php\/wp-json\/wp\/v2\/types\/page"}],"author":[{"embeddable":true,"href":"https:\/\/stps.pl\/index.php\/wp-json\/wp\/v2\/users\/2"}],"replies":[{"embeddable":true,"href":"https:\/\/stps.pl\/index.php\/wp-json\/wp\/v2\/comments?post=415"}],"version-history":[{"count":1,"href":"https:\/\/stps.pl\/index.php\/wp-json\/wp\/v2\/pages\/415\/revisions"}],"predecessor-version":[{"id":416,"href":"https:\/\/stps.pl\/index.php\/wp-json\/wp\/v2\/pages\/415\/revisions\/416"}],"wp:attachment":[{"href":"https:\/\/stps.pl\/index.php\/wp-json\/wp\/v2\/media?parent=415"}],"curies":[{"name":"wp","href":"https:\/\/api.w.org\/{rel}","templated":true}]}}